{"id":183,"date":"2024-11-25T20:59:44","date_gmt":"2024-11-25T18:59:44","guid":{"rendered":"https:\/\/eszt.borviz.com\/checkout\/"},"modified":"2025-04-01T15:21:39","modified_gmt":"2025-04-01T12:21:39","slug":"penztar","status":"publish","type":"page","link":"https:\/\/esztany.com\/hu\/checkout\/","title":{"rendered":"P\u00e9nzt\u00e1r"},"content":{"rendered":"<div class=\"alignfull  wp-block-surecart-checkout-form\"><sc-checkout\n\tclass=\"checkout\"\n\tid=\"sc-checkout-182\"\n\tstyle=\"text-align: left;--sc-form-row-spacing: 25px;--sc-color-primary-500: #000000;--sc-focus-ring-color-primary: #000000;--sc-input-border-color-focus: #000000;\"\n\tmodified=\"2025-05-12 06:15:57\"\n\talignment=\"\"\n\tsuccess-url=\"\"\n>\n\t<sc-form>\n\t\t\t\t\t<sc-checkbox name=\"get_feedback\" value=\"Feedback\" style=\"display: none !important;\"><\/sc-checkbox>\n\t\t\t\t\n\n<div class=\"wp-block-surecart-columns alignfull is-full-height is-layout-flex wp-container-surecart-columns-is-layout-d26cb1fb wp-block-surecart-columns-is-layout-flex\" style=\"margin-top:0;margin-bottom:0;padding-top:0;padding-right:0;padding-bottom:0;padding-left:0\">\n<div class=\"wp-block-surecart-column is-layout-constrained is-horizontally-aligned-right checkout-right-col has-background\" style=\"background-color:#ffffff;padding-top:60px;padding-right:60px;padding-bottom:60px;padding-left:60px;--sc-column-content-width:450px;--sc-form-row-spacing:30px\">\n\t\t<div>\n\n\t\t\t\t\t<a href=\"https:\/\/esztany.com\/hu\" style=\" rel=\"home\">\n\t\t\n\t\t\t<img\n\t\t\t\tsrc=\"https:\/\/media.surecart.com\/mvqb6lqtmrhkhdprnmgod94ebmx0\"\n\t\t\t\tstyle=\"object-fit: contain; object-position: left;width: 66px; max-width: 180px; max-height: 66px; \"\n\t\t\t\talt=\"\"\n\t\t\t\/>\n\n\t\t\t\t\t<\/a>\n\t\t\n\t\t<\/div>\n\n\t\t\n\n\n<sc-checkout-form-errors><\/sc-checkout-form-errors>\n\n\n\n\t\t<sc-customer-email\n\t\t\tclass=\"\"\n\t\t\tlabel=\"Email\"\n\t\t\tplaceholder=\"your@email.com\"\t\t\t\t\t\t\t\t\ttracking-confirmation-message=\"Your email and cart are saved so we can send email reminders about this order.\"\t\t\trequired\n\t\t\tautocomplete='email'\n\t\t\tinputmode='email'\n\t\t>\n\t\t<\/sc-customer-email>\n\n\t\t\n\n\n\t\t<sc-order-password\n\t\t\ttype=\"password\"\n\t\t\tname=\"password\"\n\t\t\tclass=\"\"\n\t\t\tlabel=\"Set A Password\"\n\t\t\thelp=\"\"\n\t\t\tautofocus=\"\"\n\t\t\tmaxlength=\"\"\n\t\t\tminlength=\"\"\n\t\t\tplaceholder=\"\"\n\t\t\tshowlabel=\"1\"\n\t\t\tsize=\"\"\n\t\t\tvalue=\"\"\n\t\t\trequired=\"false\"\n\t\t\tconfirmation=\"true\"\n\t\t\tconfirmation-label=\"Password Confirmation\"\n\t\t\tconfirmation-placeholder=\"\"\n\t\t\tconfirmation-help=\"\"\n\t\t\tenable-validation=\"true\"\n\t\t>\n\t\t<\/sc-order-password>\n\n\t\t\n\n\n<sc-customer-name label=\"Name\" placeholder=\"Your Full Name\" required class=\"wp-block-surecart-name\"><\/sc-customer-name>\n\n\n\n<sc-customer-phone label=\"Phone\" required class=\"wp-block-surecart-phone\"><\/sc-customer-phone>\n\n\n<sc-conditional-form id=\"sc-conditional-form-1\">\n\n<sc-input label=\"Who is this for?\" help=\"Enter the full name of the person who will receive this gift card.\" name=\"who_is_this_for\" placeholder=\"Recipient's Name\" size=\"medium\" value=\"\" required class=\"wp-block-surecart-input\"><\/sc-input>\n\n<\/sc-conditional-form>\n\n\t\t<sc-order-shipping-address\n\t\t\tlabel=\"Shipping Address\"\n\t\t\tfull\t\t\tshow-name\t\t\t\t\t\trequired=\"true\"\n\t\t\tdefault-country=\"\"\n\t\t><\/sc-order-shipping-address>\n\t\t\t\t\t<sc-order-billing-address\n\t\t\tlabel=\"Billing Address\"\n\t\t\ttoggle-label=\"Billing address is same as shipping\"\n\t\t\tshow-name\t\t\t\t\t\tdefault-country=\"\"\n\t\t><\/sc-order-billing-address>\n\t\t\t\n\n\n\t\t<sc-payment\n\t\t\tid=\"sc-payment-0\"\n\t\t\tclass=\"\"\n\t\t>\n\t\t\t\t\t\t\t<sc-stripe-payment-element slot=\"stripe\"><\/sc-stripe-payment-element>\n\t\t\t\n\t\t\t\t\t<\/sc-payment>\n\t\t\n\n\t\t<sc-order-submit\n\t\t\ttype=\"primary\"\n\t\t\tfull=\"true\"\n\t\t\tsize=\"large\"\n\t\t\ticon=\"lock\"\t\t\tshow-total=\"true\"\n\t\t\tsecure-notice=\"true\"\n\t\t\tsecure-notice-text=\"This is a secure, encrypted payment.\"\n\t\t\t\t\t\t\t\t\tclass=\"wp-block-surecart-submit\"\n\t\t>V\u00e1s\u00e1rl\u00e1s<\/sc-order-submit>\n\t\t<\/div>\n\n\n\n<div class=\"wp-block-surecart-column is-sticky is-layout-constrained is-horizontally-aligned-left\" style=\"padding-top:60px;padding-right:60px;padding-bottom:60px;padding-left:60px;--sc-column-content-width:450px;--sc-form-row-spacing:30px\">\n<sc-order-summary collapsible=\"1\" order-summary-text=\"Summary\" invoice-summary-text=\"Invoice Summary\" collapsed-on-mobile=\"1\" class=\"wp-block-surecart-totals\">\n<sc-divider><\/sc-divider>\n\n\n\n<sc-line-items removable=\"1\" editable=\"1\" class=\"wp-block-surecart-line-items\"><\/sc-line-items>\n\n\n\n<sc-divider><\/sc-divider>\n\n\n\n<sc-line-item-total class=\"\" total=\"subtotal\"><span slot=\"description\">R\u00e9sz\u00f6sszeg<\/span><span slot=\"total-payments-description\">Teljes r\u00e9szletfizet\u00e9s<\/span><span slot=\"first-payment-subtotal-description\">Kezdeti kifizet\u00e9s<\/span><\/sc-line-item-total>\n\n\n\t\t<sc-order-coupon-form\n\t\t\tlabel=\"\"\n\t\t\tplaceholder=\"Enter coupon code\"\n\t\t\tbutton-text=\"\"\n\t\t\tcollapsed>\n\t\t<\/sc-order-coupon-form>\n\t\t\n\n\n<sc-line-item-tax class=\"wp-block-surecart-tax-line-item\"><\/sc-line-item-tax>\n\n\n\n<sc-divider><\/sc-divider>\n\n\n\n<sc-line-item-total class=\"\" total=\"total\" size=\"large\" show-currency=\"1\"><span slot=\"title\">\u00d6sszesen<\/span><span slot=\"subscription-title\">Ma esed\u00e9kes \u00f6sszesen<\/span><span slot=\"first-payment-total-description\">R\u00e9sz\u00f6sszeg<\/span><span slot=\"free-trial-description\">Trial<\/span><span slot=\"due-amount-description\">Esed\u00e9kes \u00f6sszeg<\/span><\/sc-line-item-total>\n<\/sc-order-summary>\n<\/div>\n<\/div>\n\n\t<\/sc-form>\n<\/sc-checkout>\n<\/div>","protected":false},"excerpt":{"rendered":"","protected":false},"author":1,"featured_media":0,"parent":0,"menu_order":0,"comment_status":"closed","ping_status":"closed","template":"","meta":{"_acf_changed":false,"_seopress_robots_primary_cat":"","_seopress_titles_title":"","_seopress_titles_desc":"","_seopress_robots_index":"","_surecart_dashboard_logo_width":"180px","_surecart_dashboard_show_logo":true,"_surecart_dashboard_navigation_orders":true,"_surecart_dashboard_navigation_invoices":true,"_surecart_dashboard_navigation_subscriptions":true,"_surecart_dashboard_navigation_downloads":true,"_surecart_dashboard_navigation_billing":true,"_surecart_dashboard_navigation_account":true,"inline_featured_image":false,"footnotes":""},"class_list":["post-183","page","type-page","status-publish","hentry"],"acf":[],"_links":{"self":[{"href":"https:\/\/esztany.com\/hu\/wp-json\/wp\/v2\/pages\/183","targetHints":{"allow":["GET"]}}],"collection":[{"href":"https:\/\/esztany.com\/hu\/wp-json\/wp\/v2\/pages"}],"about":[{"href":"https:\/\/esztany.com\/hu\/wp-json\/wp\/v2\/types\/page"}],"author":[{"embeddable":true,"href":"https:\/\/esztany.com\/hu\/wp-json\/wp\/v2\/users\/1"}],"replies":[{"embeddable":true,"href":"https:\/\/esztany.com\/hu\/wp-json\/wp\/v2\/comments?post=183"}],"version-history":[{"count":9,"href":"https:\/\/esztany.com\/hu\/wp-json\/wp\/v2\/pages\/183\/revisions"}],"predecessor-version":[{"id":2663,"href":"https:\/\/esztany.com\/hu\/wp-json\/wp\/v2\/pages\/183\/revisions\/2663"}],"wp:attachment":[{"href":"https:\/\/esztany.com\/hu\/wp-json\/wp\/v2\/media?parent=183"}],"curies":[{"name":"wp","href":"https:\/\/api.w.org\/{rel}","templated":true}]}}